{"id":16,"date":"2020-07-26T17:12:47","date_gmt":"2020-07-26T15:12:47","guid":{"rendered":"http:\/\/lecler.eu\/wordpress\/?page_id=16"},"modified":"2020-08-31T14:14:56","modified_gmt":"2020-08-31T12:14:56","slug":"prestation","status":"publish","type":"page","link":"https:\/\/cytinat.com\/index.php\/prestation\/","title":{"rendered":"Assistance &#038; D\u00e9pannage"},"content":{"rendered":"\n<h2><strong>ASSISTANCE INFORMATIQUE<\/strong><\/h2>\n\n\n\n<h4><strong>Nettoyage de votre ordinateur<\/strong><\/h4>\n\n\n\n<p>Quand Windows devient lent, la suppression des malwares\/spywares, logiciels, fichiers et programmes inutiles permettent de le rendre plus performant. Vous recevrez un lien, vous permettant de t\u00e9l\u00e9charger le logiciel n\u00e9cessaire ainsi que la fiche explicative pour la mise en fonction de celui-ci.<\/p>\n\n\n\n<div class=\"wp-container-1 wp-block-group\"><div class=\"wp-block-group__inner-container\"><\/div><\/div>\n\n\n\n<h4><strong>Remise \u00e0 neuf de votre ordinateur<\/strong><\/h4>\n\n\n\n<p>Vous souhaitez remettre \u00e0 neuf votre ordinateur en r\u00e9installant Windows sur celui-ci. Afin de pouvoir le vendre ou de l\u2019avoir comme s\u2019il \u00e9tait neuf.<\/p>\n\n\n\n<h4><strong>Remplacement mat\u00e9riel interne<\/strong><\/h4>\n\n\n\n<p>Un p\u00e9riph\u00e9rique interne est HS ou fonctionne mal, vous d\u00e9sirez le changer, dans ce cas, je m\u2019occupe de faire le changement de la pi\u00e8ce interne de votre ordinateur (l\u2019achat de la pi\u00e8ce est \u00e0 vos frais).<\/p>\n\n\n\n<h4>Exemples d\u2019interventions de d\u00e9pannage informatique que je effectue<\/h4>\n\n\n\n<p>\u2013 Ralentissements qui rendent la machine quasiment inutilisable<br>\u2013 Suppression de logiciels malveillants, virus, malware, spyware susceptibles d\u2019enregistrer vos donn\u00e9es<br>\u2013 Sauvegarde et transfert de vos donn\u00e9es importantes sur des supports externes \u2013 Dysfonctionnements au d\u00e9marrage de l\u2019ordinateur<br>\u2013 Changements des pi\u00e8ces responsables de ces dysfonctionnements<br>\u2013 R\u00e9installation d\u2019un nouveau syst\u00e8me d\u2019exploitation<br>\u2013 R\u00e9cup\u00e9ration de donn\u00e9es qui seraient inaccessibles sur vos disques durs<br>\u2013 Installation et param\u00e9trage d\u2019une nouvelle machine<br>\u2013 Installation de votre ligne internet, et de votre acc\u00e8s sans fil Wifi.<br>\u2013 Installation de votre mat\u00e9riel annexe, tels qu\u2019une imprimante,appareil photo, tablette ou smartphone<br>\u2013 Installation d\u2019un syst\u00e8me contr\u00f4le parental fiable pour prot\u00e9ger vos enfants de certains sites internet<\/p>\n\n\n\n<p><\/p>\n\n\n\n<p class=\"has-text-align-center\"><a href=\"https:\/\/cytinat.com\/index.php\/tarifs-des-prestations-particulier\/\" data-type=\"URL\" data-id=\"https:\/\/cytinat.com\/index.php\/tarifs-des-prestations-particulier\/\"><img loading=\"lazy\" width=\"550\" height=\"275\" class=\"wp-image-207\" style=\"width: 400px;\" src=\"https:\/\/cytinat.com\/wp-content\/uploads\/2020\/08\/notarifetforfait.png\" alt=\"\" srcset=\"https:\/\/cytinat.com\/wp-content\/uploads\/2020\/08\/notarifetforfait.png 550w, https:\/\/cytinat.com\/wp-content\/uploads\/2020\/08\/notarifetforfait-300x150.png 300w\" sizes=\"(max-width: 550px) 100vw, 550px\" \/><\/a><\/p>\n","protected":false},"excerpt":{"rendered":"<p>ASSISTANCE INFORMATIQUE Nettoyage de votre ordinateur Quand Windows devient lent, la suppression des malwares\/spywares, logiciels, fichiers et programmes inutiles permettent de le rendre plus performant. Vous recevrez un lien, vous permettant de t\u00e9l\u00e9charger le logiciel n\u00e9cessaire ainsi que la fiche explicative pour la mise en fonction de celui-ci. Remise \u00e0 neuf de votre ordinateur Vous souhaitez remettre \u00e0 neuf votre ordinateur en r\u00e9installant Windows sur celui-ci. Afin de pouvoir le vendre ou de l\u2019avoir comme s\u2019il \u00e9tait neuf. Remplacement mat\u00e9riel interne Un p\u00e9riph\u00e9rique interne est HS ou fonctionne mal, vous d\u00e9sirez le changer, dans ce cas, je m\u2019occupe de faire le changement de la pi\u00e8ce interne de votre ordinateur (l\u2019achat&hellip; <a class=\"read-more\" href=\"https:\/\/cytinat.com\/index.php\/prestation\/\">Montrer plus<\/a><\/p>\n","protected":false},"author":1,"featured_media":0,"parent":0,"menu_order":0,"comment_status":"closed","ping_status":"closed","template":"","meta":{"_monsterinsights_skip_tracking":false,"_monsterinsights_sitenote_active":false,"_monsterinsights_sitenote_note":"","_monsterinsights_sitenote_category":0,"spay_email":""},"_links":{"self":[{"href":"https:\/\/cytinat.com\/index.php\/wp-json\/wp\/v2\/pages\/16"}],"collection":[{"href":"https:\/\/cytinat.com\/index.php\/wp-json\/wp\/v2\/pages"}],"about":[{"href":"https:\/\/cytinat.com\/index.php\/wp-json\/wp\/v2\/types\/page"}],"author":[{"embeddable":true,"href":"https:\/\/cytinat.com\/index.php\/wp-json\/wp\/v2\/users\/1"}],"replies":[{"embeddable":true,"href":"https:\/\/cytinat.com\/index.php\/wp-json\/wp\/v2\/comments?post=16"}],"version-history":[{"count":12,"href":"https:\/\/cytinat.com\/index.php\/wp-json\/wp\/v2\/pages\/16\/revisions"}],"predecessor-version":[{"id":209,"href":"https:\/\/cytinat.com\/index.php\/wp-json\/wp\/v2\/pages\/16\/revisions\/209"}],"wp:attachment":[{"href":"https:\/\/cytinat.com\/index.php\/wp-json\/wp\/v2\/media?parent=16"}],"curies":[{"name":"wp","href":"https:\/\/api.w.org\/{rel}","templated":true}]}}