{"id":18,"date":"2020-07-26T17:12:47","date_gmt":"2020-07-26T15:12:47","guid":{"rendered":"http:\/\/lecler.eu\/wordpress\/?page_id=18"},"modified":"2020-08-31T14:19:14","modified_gmt":"2020-08-31T12:19:14","slug":"installation","status":"publish","type":"page","link":"https:\/\/cytinat.com\/index.php\/installation\/","title":{"rendered":"Installation"},"content":{"rendered":"\n<h4><strong>Installation ordinateurs ou p\u00e9riph\u00e9riques<\/strong><\/h4>\n\n\n\n<ul><li>Vous souhaitez installer un nouveau logiciel Gratuit ou que vous avez acheter. <\/li><li>Vous avez une nouvelle imprimante, une webcam, un disque dur externe et souhaitez l\u2019installer.<\/li><li>Vous avez un nouvel ordinateur et souhaitez  le mettre en route sans faire de mauvaises manipulations.<\/li><\/ul>\n\n\n\n<p>&#8212;-&gt;  Je l\u2019installe pour vous selon votre besoin.<\/p>\n\n\n\n<h4><strong>Ordinateur Sur Mesure<\/strong><\/h4>\n\n\n\n<p>Vous souhaitez un ordinateur \u00e0 votre image sur mesure ?<br>Je r\u00e9alise avec vous vos besoins avec quelques questions et votre budget, je recherche les pi\u00e8ces qui vous conviennent le mieux et je monte votre propre machine sur mesure.<br>Vous ne savez pas quel Ordinateur Portable acheter alors on voit ensemble vos besoins et je recherche pour vous votre futur ordinateur.<\/p>\n\n\n\n<p><\/p>\n\n\n\n<p class=\"has-text-align-center\">k<a href=\"https:\/\/cytinat.com\/index.php\/tarifs-des-prestations-particulier\/\"><img loading=\"lazy\" width=\"550\" height=\"275\" class=\"wp-image-207\" style=\"width: 400px;\" src=\"https:\/\/cytinat.com\/wp-content\/uploads\/2020\/08\/notarifetforfait.png\" alt=\"\" srcset=\"https:\/\/cytinat.com\/wp-content\/uploads\/2020\/08\/notarifetforfait.png 550w, https:\/\/cytinat.com\/wp-content\/uploads\/2020\/08\/notarifetforfait-300x150.png 300w\" sizes=\"(max-width: 550px) 100vw, 550px\" \/><\/a><\/p>\n","protected":false},"excerpt":{"rendered":"<p>Installation ordinateurs ou p\u00e9riph\u00e9riques Vous souhaitez installer un nouveau logiciel Gratuit ou que vous avez acheter. Vous avez une nouvelle imprimante, une webcam, un disque dur externe et souhaitez l\u2019installer. Vous avez un nouvel ordinateur et souhaitez le mettre en route sans faire de mauvaises manipulations. &#8212;-&gt; Je l\u2019installe pour vous selon votre besoin. Ordinateur Sur Mesure Vous souhaitez un ordinateur \u00e0 votre image sur mesure ?Je r\u00e9alise avec vous vos besoins avec quelques questions et votre budget, je recherche les pi\u00e8ces qui vous conviennent le mieux et je monte votre propre machine sur mesure.Vous ne savez pas quel Ordinateur Portable acheter alors on voit ensemble vos besoins et je&hellip; <a class=\"read-more\" href=\"https:\/\/cytinat.com\/index.php\/installation\/\">Montrer plus<\/a><\/p>\n","protected":false},"author":1,"featured_media":0,"parent":0,"menu_order":0,"comment_status":"closed","ping_status":"closed","template":"","meta":{"_monsterinsights_skip_tracking":false,"_monsterinsights_sitenote_active":false,"_monsterinsights_sitenote_note":"","_monsterinsights_sitenote_category":0,"spay_email":""},"_links":{"self":[{"href":"https:\/\/cytinat.com\/index.php\/wp-json\/wp\/v2\/pages\/18"}],"collection":[{"href":"https:\/\/cytinat.com\/index.php\/wp-json\/wp\/v2\/pages"}],"about":[{"href":"https:\/\/cytinat.com\/index.php\/wp-json\/wp\/v2\/types\/page"}],"author":[{"embeddable":true,"href":"https:\/\/cytinat.com\/index.php\/wp-json\/wp\/v2\/users\/1"}],"replies":[{"embeddable":true,"href":"https:\/\/cytinat.com\/index.php\/wp-json\/wp\/v2\/comments?post=18"}],"version-history":[{"count":9,"href":"https:\/\/cytinat.com\/index.php\/wp-json\/wp\/v2\/pages\/18\/revisions"}],"predecessor-version":[{"id":212,"href":"https:\/\/cytinat.com\/index.php\/wp-json\/wp\/v2\/pages\/18\/revisions\/212"}],"wp:attachment":[{"href":"https:\/\/cytinat.com\/index.php\/wp-json\/wp\/v2\/media?parent=18"}],"curies":[{"name":"wp","href":"https:\/\/api.w.org\/{rel}","templated":true}]}}