{"id":20,"date":"2020-07-26T17:12:47","date_gmt":"2020-07-26T15:12:47","guid":{"rendered":"http:\/\/lecler.eu\/wordpress\/?page_id=20"},"modified":"2020-08-31T14:25:17","modified_gmt":"2020-08-31T12:25:17","slug":"sauvegarde","status":"publish","type":"page","link":"https:\/\/cytinat.com\/index.php\/sauvegarde\/","title":{"rendered":"Sauvegarde"},"content":{"rendered":"\n<h4><strong>Sauvegarde de donn\u00e9es avant changement de mat\u00e9riel<\/strong><\/h4>\n\n\n\n<p>Vous d\u00e9sirez sauvegarder vos donn\u00e9es avant de changer d\u2019ordinateur et d\u00e9sirez les transf\u00e9rer sur un autre ordinateur.<\/p>\n\n\n\n<h4><strong>Sauvegarde de donn\u00e9es sur p\u00e9riph\u00e9rique<\/strong><\/h4>\n\n\n\n<p>Vous d\u00e9sirez faire des sauvegardes automatiques sur un p\u00e9riph\u00e9rique externe USB\/NAS.<br>Sur devis<\/p>\n\n\n\n<h4><strong>Sauvegarde de donn\u00e9es \u00e0 l\u2019ext\u00e9rieur (Cloud)<\/strong><\/h4>\n\n\n\n<p>Vous d\u00e9sirez mettre vos donn\u00e9es en s\u00e9curit\u00e9 \u00e0 l\u2019ext\u00e9rieur de chez vous ou de votre entreprise en cas de Vol\/Incendie vous ne perdrez aucune donn\u00e9e, celles-ci sont crypt\u00e9es et seul vous, y avez acc\u00e8s avec votre mot de passe, cela n\u00e9cessite tout de m\u00eame un certain mat\u00e9riel \u00e0 acqu\u00e9rir, nous verrons cela ensemble. <br>Sur devis<\/p>\n\n\n\n<p class=\"has-text-align-center\"><a href=\"https:\/\/cytinat.com\/index.php\/tarifs-des-prestations-particulier\/\" data-type=\"page\" data-id=\"204\"><img loading=\"lazy\" width=\"550\" height=\"275\" class=\"wp-image-207\" style=\"width: 400px;\" src=\"https:\/\/cytinat.com\/wp-content\/uploads\/2020\/08\/notarifetforfait.png\" alt=\"\" srcset=\"https:\/\/cytinat.com\/wp-content\/uploads\/2020\/08\/notarifetforfait.png 550w, https:\/\/cytinat.com\/wp-content\/uploads\/2020\/08\/notarifetforfait-300x150.png 300w\" sizes=\"(max-width: 550px) 100vw, 550px\" \/><\/a><\/p>\n","protected":false},"excerpt":{"rendered":"<p>Sauvegarde de donn\u00e9es avant changement de mat\u00e9riel Vous d\u00e9sirez sauvegarder vos donn\u00e9es avant de changer d\u2019ordinateur et d\u00e9sirez les transf\u00e9rer sur un autre ordinateur. Sauvegarde de donn\u00e9es sur p\u00e9riph\u00e9rique Vous d\u00e9sirez faire des sauvegardes automatiques sur un p\u00e9riph\u00e9rique externe USB\/NAS.Sur devis Sauvegarde de donn\u00e9es \u00e0 l\u2019ext\u00e9rieur (Cloud) Vous d\u00e9sirez mettre vos donn\u00e9es en s\u00e9curit\u00e9 \u00e0 l\u2019ext\u00e9rieur de chez vous ou de votre entreprise en cas de Vol\/Incendie vous ne perdrez aucune donn\u00e9e, celles-ci sont crypt\u00e9es et seul vous, y avez acc\u00e8s avec votre mot de passe, cela n\u00e9cessite tout de m\u00eame un certain mat\u00e9riel \u00e0 acqu\u00e9rir, nous verrons cela ensemble. Sur devis<\/p>\n","protected":false},"author":1,"featured_media":0,"parent":0,"menu_order":0,"comment_status":"closed","ping_status":"closed","template":"","meta":{"_monsterinsights_skip_tracking":false,"_monsterinsights_sitenote_active":false,"_monsterinsights_sitenote_note":"","_monsterinsights_sitenote_category":0,"spay_email":""},"_links":{"self":[{"href":"https:\/\/cytinat.com\/index.php\/wp-json\/wp\/v2\/pages\/20"}],"collection":[{"href":"https:\/\/cytinat.com\/index.php\/wp-json\/wp\/v2\/pages"}],"about":[{"href":"https:\/\/cytinat.com\/index.php\/wp-json\/wp\/v2\/types\/page"}],"author":[{"embeddable":true,"href":"https:\/\/cytinat.com\/index.php\/wp-json\/wp\/v2\/users\/1"}],"replies":[{"embeddable":true,"href":"https:\/\/cytinat.com\/index.php\/wp-json\/wp\/v2\/comments?post=20"}],"version-history":[{"count":8,"href":"https:\/\/cytinat.com\/index.php\/wp-json\/wp\/v2\/pages\/20\/revisions"}],"predecessor-version":[{"id":217,"href":"https:\/\/cytinat.com\/index.php\/wp-json\/wp\/v2\/pages\/20\/revisions\/217"}],"wp:attachment":[{"href":"https:\/\/cytinat.com\/index.php\/wp-json\/wp\/v2\/media?parent=20"}],"curies":[{"name":"wp","href":"https:\/\/api.w.org\/{rel}","templated":true}]}}