{"id":35,"date":"2020-07-26T17:33:04","date_gmt":"2020-07-26T15:33:04","guid":{"rendered":"http:\/\/lecler.eu\/wordpress\/?page_id=35"},"modified":"2020-08-09T14:30:49","modified_gmt":"2020-08-09T12:30:49","slug":"domotique","status":"publish","type":"page","link":"https:\/\/cytinat.com\/index.php\/domotique\/","title":{"rendered":"Domotique"},"content":{"rendered":"\n<h4><strong>Alexa \/ Google \/ Autre<\/strong><\/h4>\n\n\n\n<p>Vous souhaitez installer un assistant Vocal comme Alexia de Amazon Ou <em>Google<\/em>\u00a0Home, ou autre, je vous conseille et effectue l&rsquo;installation.<\/p>\n\n\n\n<h4><strong>Prise connect\u00e9e \/ Volet Roulant \/ Lumi\u00e8re<\/strong><\/h4>\n\n\n\n<p>Vous avez un besoin de domotique pour automatiser un syst\u00e8me.<br>Exemple : <br>Une lumi\u00e8re qui s&rsquo;allume et se coupe toute seule avec une gestion a distance.<br>La pompe de la piscine, qui tourne en fonctionne de la temp\u00e9rature de celle-ci.<br>Ouvrir un Volet roulant \u00e0 une heure pr\u00e9cise et le fermer le soir tout seul ou \u00e0 distance.<br><br>Presque tout peut \u00eatre r\u00e9alisable, je vous \u00e9coute, je vous conseille et je mets en place la solution suivit d&rsquo;une formation.<\/p>\n\n\n\n<p><\/p>\n","protected":false},"excerpt":{"rendered":"<p>Alexa \/ Google \/ Autre Vous souhaitez installer un assistant Vocal comme Alexia de Amazon Ou Google\u00a0Home, ou autre, je vous conseille et effectue l&rsquo;installation. Prise connect\u00e9e \/ Volet Roulant \/ Lumi\u00e8re Vous avez un besoin de domotique pour automatiser un syst\u00e8me.Exemple : Une lumi\u00e8re qui s&rsquo;allume et se coupe toute seule avec une gestion a distance.La pompe de la piscine, qui tourne en fonctionne de la temp\u00e9rature de celle-ci.Ouvrir un Volet roulant \u00e0 une heure pr\u00e9cise et le fermer le soir tout seul ou \u00e0 distance. Presque tout peut \u00eatre r\u00e9alisable, je vous \u00e9coute, je vous conseille et je mets en place la solution suivit d&rsquo;une formation.<\/p>\n","protected":false},"author":1,"featured_media":0,"parent":0,"menu_order":0,"comment_status":"closed","ping_status":"closed","template":"","meta":{"_monsterinsights_skip_tracking":false,"_monsterinsights_sitenote_active":false,"_monsterinsights_sitenote_note":"","_monsterinsights_sitenote_category":0,"spay_email":""},"_links":{"self":[{"href":"https:\/\/cytinat.com\/index.php\/wp-json\/wp\/v2\/pages\/35"}],"collection":[{"href":"https:\/\/cytinat.com\/index.php\/wp-json\/wp\/v2\/pages"}],"about":[{"href":"https:\/\/cytinat.com\/index.php\/wp-json\/wp\/v2\/types\/page"}],"author":[{"embeddable":true,"href":"https:\/\/cytinat.com\/index.php\/wp-json\/wp\/v2\/users\/1"}],"replies":[{"embeddable":true,"href":"https:\/\/cytinat.com\/index.php\/wp-json\/wp\/v2\/comments?post=35"}],"version-history":[{"count":4,"href":"https:\/\/cytinat.com\/index.php\/wp-json\/wp\/v2\/pages\/35\/revisions"}],"predecessor-version":[{"id":169,"href":"https:\/\/cytinat.com\/index.php\/wp-json\/wp\/v2\/pages\/35\/revisions\/169"}],"wp:attachment":[{"href":"https:\/\/cytinat.com\/index.php\/wp-json\/wp\/v2\/media?parent=35"}],"curies":[{"name":"wp","href":"https:\/\/api.w.org\/{rel}","templated":true}]}}